{"id":504,"date":"2024-09-19T09:08:59","date_gmt":"2024-09-19T09:08:59","guid":{"rendered":"https:\/\/hotellerv6-8.themegoods.com\/condo\/?page_id=504"},"modified":"2025-10-07T12:12:29","modified_gmt":"2025-10-07T12:12:29","slug":"about-ritus-hotel","status":"publish","type":"page","link":"https:\/\/www.ritussultanahmet.com\/tr\/about-ritus-hotel\/","title":{"rendered":"Ritus Hotel Hakk\u0131nda"},"content":{"rendered":"<div data-elementor-type=\"wp-page\" data-elementor-id=\"504\" class=\"elementor elementor-504\" data-elementor-post-type=\"page\">\n\t\t\t\t<div class=\"elementor-element elementor-element-28e94727 e-con-full e-flex e-con e-parent\" data-id=\"28e94727\" data-element_type=\"container\">\n\t\t<div class=\"elementor-element elementor-element-3870923b e-flex e-con-boxed e-con e-child\" data-id=\"3870923b\" data-element_type=\"container\">\n\t\t\t\t\t<div class=\"e-con-inner\">\n\t\t\t\t<div class=\"elementor-element elementor-element-47c62bbb elementor-widget__width-initial elementor-widget elementor-widget-text-editor\" data-id=\"47c62bbb\" data-element_type=\"widget\" data-widget_type=\"text-editor.default\">\n\t\t\t\t\t\t\t\t\tRitus Hotel Hakk\u0131nda\t\t\t\t\t\t\t\t<\/div>\n\t\t\t\t\t<\/div>\n\t\t\t\t<\/div>\n\t\t\t\t<\/div>\n\t\t<div class=\"elementor-element elementor-element-474d4d72 e-flex e-con-boxed e-con e-parent\" data-id=\"474d4d72\" data-element_type=\"container\">\n\t\t\t\t\t<div class=\"e-con-inner\">\n\t\t<div class=\"elementor-element elementor-element-18051242 e-con-full e-flex e-con e-child\" data-id=\"18051242\" data-element_type=\"container\">\n\t\t<div class=\"elementor-element elementor-element-7353f614 e-con-full e-flex e-con e-child\" data-id=\"7353f614\" data-element_type=\"container\" data-settings=\"{&quot;background_background&quot;:&quot;classic&quot;}\">\n\t\t\t\t<div class=\"elementor-element elementor-element-74882df1 elementor-widget__width-initial elementor-widget elementor-widget-heading\" data-id=\"74882df1\" data-element_type=\"widget\" data-widget_type=\"heading.default\">\n\t\t\t\t\t<h3 class=\"elementor-heading-title elementor-size-default\">Antik Hipodrom&#039;dan G\u00fcn\u00fcm\u00fcze: Ritus Ruhu<\/h3>\t\t\t\t<\/div>\n\t\t\t\t<\/div>\n\t\t<div class=\"elementor-element elementor-element-50670ca4 e-con-full e-flex e-con e-child\" data-id=\"50670ca4\" data-element_type=\"container\" data-settings=\"{&quot;background_background&quot;:&quot;classic&quot;}\">\n\t\t\t\t<div class=\"elementor-element elementor-element-28c6a103 elementor-widget__width-initial elementor-widget elementor-widget-heading\" data-id=\"28c6a103\" data-element_type=\"widget\" data-widget_type=\"heading.default\">\n\t\t\t\t\t<h4 class=\"elementor-heading-title elementor-size-default\"><a href=\"https:\/\/www.ritussultanahmet.com\/tr\/art-collection\/\">Sanat \u00e7al\u0131\u015fmalar\u0131m\u0131z\u0131 inceleyin<\/a><\/h4>\t\t\t\t<\/div>\n\t\t\t\t<\/div>\n\t\t<div class=\"elementor-element elementor-element-5a37bcf1 e-con-full e-flex e-con e-child\" data-id=\"5a37bcf1\" data-element_type=\"container\" data-settings=\"{&quot;background_background&quot;:&quot;classic&quot;}\">\n\t\t\t\t<div class=\"elementor-element elementor-element-142d8947 elementor-widget__width-initial elementor-widget elementor-widget-heading\" data-id=\"142d8947\" data-element_type=\"widget\" data-widget_type=\"heading.default\">\n\t\t\t\t\t<h4 class=\"elementor-heading-title elementor-size-default\"><a href=\"https:\/\/www.ritussultanahmet.com\/tr\/ritus-food-beverage\/\">Restoran\u0131m\u0131z<\/a><\/h4>\t\t\t\t<\/div>\n\t\t\t\t<\/div>\n\t\t\t\t<\/div>\n\t\t\t\t\t<\/div>\n\t\t\t\t<\/div>\n\t\t<div class=\"elementor-element elementor-element-f666012 e-con-full e-flex e-con e-parent\" data-id=\"f666012\" data-element_type=\"container\" data-settings=\"{&quot;background_background&quot;:&quot;classic&quot;}\">\n\t\t<div class=\"elementor-element elementor-element-a63cc3d e-flex e-con-boxed e-con e-child\" data-id=\"a63cc3d\" data-element_type=\"container\">\n\t\t\t\t\t<div class=\"e-con-inner\">\n\t\t\t\t<div class=\"elementor-element elementor-element-afba386 elementor-widget__width-inherit elementor-widget elementor-widget-text-editor\" data-id=\"afba386\" data-element_type=\"widget\" data-widget_type=\"text-editor.default\">\n\t\t\t\t\t\t\t\t\tHaziran 2025&#039;te a\u00e7\u0131lan Ritus Hotel \u0130stanbul Sultanahmet, T\u00fcrkiye&#039;nin ilk Tapestry Collection by Hilton oteli olarak gururla \u00f6ne \u00e7\u0131k\u0131yor ve miras ile modern tasar\u0131m\u0131n i\u00e7 i\u00e7e ge\u00e7ti\u011fi e\u015fsiz bir s\u0131\u011f\u0131nak sunuyor. \u00d6zenle tasarlanm\u0131\u015f sadece 44 odas\u0131yla butik otelimiz, gezginleri ilham verici oldu\u011fu kadar samimi bir hikayeye ad\u0131m atmaya davet ediyor.\t\t\t\t\t\t\t\t<\/div>\n\t\t\t\t\t<\/div>\n\t\t\t\t<\/div>\n\t\t\t\t<\/div>\n\t\t<div class=\"elementor-element elementor-element-9ed4540 e-flex e-con-boxed e-con e-parent\" data-id=\"9ed4540\" data-element_type=\"container\">\n\t\t\t\t\t<div class=\"e-con-inner\">\n\t\t<div class=\"elementor-element elementor-element-1196a97 e-con-full e-flex e-con e-child\" data-id=\"1196a97\" data-element_type=\"container\">\n\t\t\t\t<div class=\"elementor-element elementor-element-2e1b8c8 elementor-widget elementor-widget-image\" data-id=\"2e1b8c8\" data-element_type=\"widget\" data-widget_type=\"image.default\">\n\t\t\t\t\t\t\t\t\t\t\t\t\t\t\t<img decoding=\"async\" src=\"https:\/\/www.ritussultanahmet.com\/wp-content\/uploads\/elementor\/thumbs\/4-scaled-rcutysy59sg59jojqsswab453ceailpyyyzsqi92xc.jpg\" title=\"4\" alt=\"4\" loading=\"lazy\" \/>\t\t\t\t\t\t\t\t\t\t\t\t\t\t\t<\/div>\n\t\t\t\t<\/div>\n\t\t<div class=\"elementor-element elementor-element-d01890b e-con-full e-flex e-con e-child\" data-id=\"d01890b\" data-element_type=\"container\">\n\t\t\t\t<div class=\"elementor-element elementor-element-52d4cc5 elementor-widget elementor-widget-image\" data-id=\"52d4cc5\" data-element_type=\"widget\" data-widget_type=\"image.default\">\n\t\t\t\t\t\t\t\t\t\t\t\t\t\t\t<img decoding=\"async\" src=\"https:\/\/www.ritussultanahmet.com\/wp-content\/uploads\/elementor\/thumbs\/3-scaled-rcik2dkhc70e77k5sam6eqtg5n0cqed93kg485u39s.jpg\" title=\"3\" alt=\"3\" loading=\"lazy\" \/>\t\t\t\t\t\t\t\t\t\t\t\t\t\t\t<\/div>\n\t\t\t\t<\/div>\n\t\t\t\t\t<\/div>\n\t\t\t\t<\/div>\n\t\t<div class=\"elementor-element elementor-element-250d8d4 e-flex e-con-boxed e-con e-parent\" data-id=\"250d8d4\" data-element_type=\"container\">\n\t\t\t\t\t<div class=\"e-con-inner\">\n\t\t<div class=\"elementor-element elementor-element-0b761e5 e-con-full e-flex e-con e-child\" data-id=\"0b761e5\" data-element_type=\"container\">\n\t\t\t\t<div class=\"elementor-element elementor-element-471ff78 elementor-widget elementor-widget-text-editor\" data-id=\"471ff78\" data-element_type=\"widget\" data-widget_type=\"text-editor.default\">\n\t\t\t\t\t\t\t\t\t<p>Sultanahmet Meydan\u0131&#039;n\u0131n kalbinde, antik Hipodrom&#039;un yank\u0131lar\u0131n\u0131n h\u00e2l\u00e2 hissedildi\u011fi Ritus Hotel, konaklamaktan \u00e7ok daha fazlas\u0131; bir deneyim oteli. Her koridor, her s\u00fcit ve her k\u00f6\u015fe, oteli canl\u0131 bir galeriye d\u00f6n\u00fc\u015ft\u00fcren \u00f6zenle se\u00e7ilmi\u015f sanat eserleriyle sanatsal bir bak\u0131\u015f a\u00e7\u0131s\u0131yla dekore edilmi\u015f.<\/p>\t\t\t\t\t\t\t\t<\/div>\n\t\t\t\t<div class=\"elementor-element elementor-element-4bbf81c elementor-widget elementor-widget-jet-view-more\" data-id=\"4bbf81c\" data-element_type=\"widget\" data-widget_type=\"jet-view-more.default\">\n\t\t\t\t<div class=\"elementor-widget-container\">\n\t\t\t\t\t<div class=\"jet-view-more\" data-settings=\"{&quot;effect&quot;:&quot;move-up&quot;,&quot;hide_effect&quot;:&quot;move-down&quot;,&quot;sections&quot;:{&quot;32c9d8b&quot;:&quot;read&quot;},&quot;showall&quot;:false,&quot;read_less&quot;:true,&quot;read_more_label&quot;:&quot;Read More&quot;,&quot;read_more_icon&quot;:{&quot;value&quot;:&quot;fas fa-arrow-circle-right&quot;,&quot;library&quot;:&quot;fa-solid&quot;},&quot;read_less_label&quot;:&quot;Read Less&quot;,&quot;read_less_icon&quot;:{&quot;value&quot;:&quot;fas fa-arrow-circle-up&quot;,&quot;library&quot;:&quot;fa-solid&quot;},&quot;hide_all&quot;:false}\"><div class=\"jet-view-more__button\" role=\"button\" tabindex=\"0\"><div class=\"jet-view-more__icon jet-tricks-icon\"><svg aria-hidden=\"true\" class=\"e-font-icon-svg e-fas-arrow-circle-right\" viewbox=\"0 0 512 512\" xmlns=\"http:\/\/www.w3.org\/2000\/svg\"><path d=\"M256 8c137 0 248 111 248 248S393 504 256 504 8 393 8 256 119 8 256 8zm-28.9 143.6l75.5 72.4H120c-13.3 0-24 10.7-24 24v16c0 13.3 10.7 24 24 24h182.6l-75.5 72.4c-9.7 9.3-9.9 24.8-.4 34.3l11 10.9c9.4 9.4 24.6 9.4 33.9 0L404.3 273c9.4-9.4 9.4-24.6 0-33.9L271.6 106.3c-9.4-9.4-24.6-9.4-33.9 0l-11 10.9c-9.5 9.6-9.3 25.1.4 34.4z\"><\/path><\/svg><\/div><div class=\"jet-view-more__label\">Devam\u0131n\u0131 oku<\/div><\/div><\/div>\t\t\t\t<\/div>\n\t\t\t\t<\/div>\n\t\t\t\t<div class=\"elementor-element elementor-element-6803215 elementor-widget elementor-widget-text-editor\" data-id=\"6803215\" data-element_type=\"widget\" id=\"read\" data-widget_type=\"text-editor.default\">\n\t\t\t\t\t\t\t\t\tKonuklar\u0131m\u0131z, T\u00fcrk k\u00fclt\u00fcr\u00fcne dayanan rit\u00fcellerle kar\u015f\u0131lan\u0131r: Duman\u0131 t\u00fcten bir fincan T\u00fcrk kahvesi, tatl\u0131 lokum lokmalar\u0131 ve taze pi\u015fmi\u015f zeytinli ball\u0131 ekme\u011fin rahatlat\u0131c\u0131 kokusu. Antik Roma&#039;da bu ekmekler, zaferlerin, hasatlar\u0131n ve mevsim d\u00f6n\u00fcmlerinin b\u00fcy\u00fck kutlamalar\u0131nda Hipodrom&#039;da payla\u015f\u0131l\u0131rd\u0131. Ritus&#039;ta, bu gelene\u011fi gelece\u011fe ta\u015f\u0131yor ve konuklar\u0131m\u0131zla yeni bir g\u00fcn\u00fcn sevincini kutlaman\u0131n bir yolu olarak her sabah kahvalt\u0131da sunuyoruz. Tarih ve misafirperverlikten \u00f6r\u00fclm\u00fc\u015f bu rit\u00fceli payla\u015farak, g\u00fcn\u00fcn\u00fcze s\u0131cakl\u0131k, bereket ve aidiyet duygusuyla ba\u015flaman\u0131z\u0131 rica ediyoruz. Duvarlar\u0131m\u0131z\u0131n aras\u0131nda tasar\u0131m sadece bir dekor de\u011fil, ayn\u0131 zamanda bir diyalogdur; zamans\u0131z zarafetle \u00e7a\u011fda\u015f ruhu harmanlar. Kap\u0131lar\u0131m\u0131z\u0131n ard\u0131nda \u015fehir ayaklar\u0131n\u0131z\u0131n alt\u0131nda uzan\u0131yor: Ayasofya, Sultanahmet Camii, Kapal\u0131\u00e7ar\u015f\u0131 ve Topkap\u0131 Saray\u0131 sadece y\u00fcr\u00fcme mesafesinde. Ritus Hotel&#039;de, rit\u00fcellerin g\u00fcc\u00fcne inan\u0131yoruz; kal\u0131c\u0131 an\u0131lar olarak kalan k\u00fc\u00e7\u00fck jestler. S\u0131cak kar\u015f\u0131lamalardan \u00f6zenle se\u00e7ilmi\u015f lezzet anlar\u0131na kadar her detay, \u0130stanbul&#039;un ritmine sayg\u0131 g\u00f6stermek, sizi duraklamaya, tad\u0131n\u0131 \u00e7\u0131karmaya ve ait olmaya davet etmek i\u00e7in tasarland\u0131.\n\t\t\t\t\t\t\t\t<\/div>\n\t\t\t\t<\/div>\n\t\t\t\t\t<\/div>\n\t\t\t\t<\/div>\n\t\t<div class=\"elementor-element elementor-element-0991b17 e-flex e-con-boxed e-con e-parent\" data-id=\"0991b17\" data-element_type=\"container\">\n\t\t\t\t\t<div class=\"e-con-inner\">\n\t\t\t\t<div class=\"elementor-element elementor-element-e56afbc elementor-widget elementor-widget-gallery\" data-id=\"e56afbc\" data-element_type=\"widget\" data-settings=\"{&quot;gallery_layout&quot;:&quot;masonry&quot;,&quot;gap&quot;:{&quot;unit&quot;:&quot;px&quot;,&quot;size&quot;:12,&quot;sizes&quot;:[]},&quot;lazyload&quot;:&quot;yes&quot;,&quot;columns&quot;:4,&quot;columns_tablet&quot;:2,&quot;columns_mobile&quot;:1,&quot;gap_tablet&quot;:{&quot;unit&quot;:&quot;px&quot;,&quot;size&quot;:10,&quot;sizes&quot;:[]},&quot;gap_mobile&quot;:{&quot;unit&quot;:&quot;px&quot;,&quot;size&quot;:10,&quot;sizes&quot;:[]},&quot;link_to&quot;:&quot;file&quot;,&quot;overlay_background&quot;:&quot;yes&quot;,&quot;content_hover_animation&quot;:&quot;fade-in&quot;}\" data-widget_type=\"gallery.default\">\n\t\t\t\t\t\t\t<div class=\"elementor-gallery__container\">\n\t\t\t\t\t\t\t<a class=\"e-gallery-item elementor-gallery-item elementor-animated-content\" href=\"https:\/\/www.ritussultanahmet.com\/wp-content\/uploads\/2025\/09\/4-scaled.jpg\" data-elementor-open-lightbox=\"yes\" data-elementor-lightbox-slideshow=\"e56afbc\" data-elementor-lightbox-title=\"4\" data-e-action-hash=\"#elementor-action%3Aaction%3Dlightbox%26settings%3DeyJpZCI6MjI1MCwidXJsIjoiaHR0cHM6XC9cL3d3dy5yaXR1c3N1bHRhbmFobWV0LmNvbVwvd3AtY29udGVudFwvdXBsb2Fkc1wvMjAyNVwvMDlcLzQtc2NhbGVkLmpwZyIsInNsaWRlc2hvdyI6ImU1NmFmYmMifQ%3D%3D\">\n\t\t\t\t\t<div class=\"e-gallery-image elementor-gallery-item__image\" data-thumbnail=\"https:\/\/www.ritussultanahmet.com\/wp-content\/uploads\/2025\/09\/4-scaled.jpg\" data-width=\"2560\" data-height=\"1708\" aria-label=\"\" role=\"img\" ><\/div>\n\t\t\t\t\t\t\t\t\t\t\t<div class=\"elementor-gallery-item__overlay\"><\/div>\n\t\t\t\t\t\t\t\t\t\t\t\t\t\t<\/a>\n\t\t\t\t\t\t\t<a class=\"e-gallery-item elementor-gallery-item elementor-animated-content\" href=\"https:\/\/www.ritussultanahmet.com\/wp-content\/uploads\/2025\/09\/5-scaled.jpg\" data-elementor-open-lightbox=\"yes\" data-elementor-lightbox-slideshow=\"e56afbc\" data-elementor-lightbox-title=\"5\" data-e-action-hash=\"#elementor-action%3Aaction%3Dlightbox%26settings%3DeyJpZCI6MjI1MSwidXJsIjoiaHR0cHM6XC9cL3d3dy5yaXR1c3N1bHRhbmFobWV0LmNvbVwvd3AtY29udGVudFwvdXBsb2Fkc1wvMjAyNVwvMDlcLzUtc2NhbGVkLmpwZyIsInNsaWRlc2hvdyI6ImU1NmFmYmMifQ%3D%3D\">\n\t\t\t\t\t<div class=\"e-gallery-image elementor-gallery-item__image\" data-thumbnail=\"https:\/\/www.ritussultanahmet.com\/wp-content\/uploads\/2025\/09\/5-scaled.jpg\" data-width=\"2560\" data-height=\"1708\" aria-label=\"\" role=\"img\" ><\/div>\n\t\t\t\t\t\t\t\t\t\t\t<div class=\"elementor-gallery-item__overlay\"><\/div>\n\t\t\t\t\t\t\t\t\t\t\t\t\t\t<\/a>\n\t\t\t\t\t\t\t<a class=\"e-gallery-item elementor-gallery-item elementor-animated-content\" href=\"https:\/\/www.ritussultanahmet.com\/wp-content\/uploads\/2025\/09\/6-scaled.jpg\" data-elementor-open-lightbox=\"yes\" data-elementor-lightbox-slideshow=\"e56afbc\" data-elementor-lightbox-title=\"6\" data-e-action-hash=\"#elementor-action%3Aaction%3Dlightbox%26settings%3DeyJpZCI6MjI1MiwidXJsIjoiaHR0cHM6XC9cL3d3dy5yaXR1c3N1bHRhbmFobWV0LmNvbVwvd3AtY29udGVudFwvdXBsb2Fkc1wvMjAyNVwvMDlcLzYtc2NhbGVkLmpwZyIsInNsaWRlc2hvdyI6ImU1NmFmYmMifQ%3D%3D\">\n\t\t\t\t\t<div class=\"e-gallery-image elementor-gallery-item__image\" data-thumbnail=\"https:\/\/www.ritussultanahmet.com\/wp-content\/uploads\/2025\/09\/6-scaled.jpg\" data-width=\"2560\" data-height=\"1708\" aria-label=\"\" role=\"img\" ><\/div>\n\t\t\t\t\t\t\t\t\t\t\t<div class=\"elementor-gallery-item__overlay\"><\/div>\n\t\t\t\t\t\t\t\t\t\t\t\t\t\t<\/a>\n\t\t\t\t\t\t\t<a class=\"e-gallery-item elementor-gallery-item elementor-animated-content\" href=\"https:\/\/www.ritussultanahmet.com\/wp-content\/uploads\/2025\/09\/7-scaled.jpg\" data-elementor-open-lightbox=\"yes\" data-elementor-lightbox-slideshow=\"e56afbc\" data-elementor-lightbox-title=\"7\" data-e-action-hash=\"#elementor-action%3Aaction%3Dlightbox%26settings%3DeyJpZCI6MjI1NCwidXJsIjoiaHR0cHM6XC9cL3d3dy5yaXR1c3N1bHRhbmFobWV0LmNvbVwvd3AtY29udGVudFwvdXBsb2Fkc1wvMjAyNVwvMDlcLzctc2NhbGVkLmpwZyIsInNsaWRlc2hvdyI6ImU1NmFmYmMifQ%3D%3D\">\n\t\t\t\t\t<div class=\"e-gallery-image elementor-gallery-item__image\" data-thumbnail=\"https:\/\/www.ritussultanahmet.com\/wp-content\/uploads\/2025\/09\/7-scaled.jpg\" data-width=\"2560\" data-height=\"1708\" aria-label=\"\" role=\"img\" ><\/div>\n\t\t\t\t\t\t\t\t\t\t\t<div class=\"elementor-gallery-item__overlay\"><\/div>\n\t\t\t\t\t\t\t\t\t\t\t\t\t\t<\/a>\n\t\t\t\t\t\t\t<a class=\"e-gallery-item elementor-gallery-item elementor-animated-content\" href=\"https:\/\/www.ritussultanahmet.com\/wp-content\/uploads\/2025\/09\/8-scaled.jpg\" data-elementor-open-lightbox=\"yes\" data-elementor-lightbox-slideshow=\"e56afbc\" data-elementor-lightbox-title=\"8\" data-e-action-hash=\"#elementor-action%3Aaction%3Dlightbox%26settings%3DeyJpZCI6MjI1NSwidXJsIjoiaHR0cHM6XC9cL3d3dy5yaXR1c3N1bHRhbmFobWV0LmNvbVwvd3AtY29udGVudFwvdXBsb2Fkc1wvMjAyNVwvMDlcLzgtc2NhbGVkLmpwZyIsInNsaWRlc2hvdyI6ImU1NmFmYmMifQ%3D%3D\">\n\t\t\t\t\t<div class=\"e-gallery-image elementor-gallery-item__image\" data-thumbnail=\"https:\/\/www.ritussultanahmet.com\/wp-content\/uploads\/2025\/09\/8-scaled.jpg\" data-width=\"2560\" data-height=\"1708\" aria-label=\"\" role=\"img\" ><\/div>\n\t\t\t\t\t\t\t\t\t\t\t<div class=\"elementor-gallery-item__overlay\"><\/div>\n\t\t\t\t\t\t\t\t\t\t\t\t\t\t<\/a>\n\t\t\t\t\t\t\t<a class=\"e-gallery-item elementor-gallery-item elementor-animated-content\" href=\"https:\/\/www.ritussultanahmet.com\/wp-content\/uploads\/2025\/09\/9-scaled.jpg\" data-elementor-open-lightbox=\"yes\" data-elementor-lightbox-slideshow=\"e56afbc\" data-elementor-lightbox-title=\"9\" data-e-action-hash=\"#elementor-action%3Aaction%3Dlightbox%26settings%3DeyJpZCI6MjI1NiwidXJsIjoiaHR0cHM6XC9cL3d3dy5yaXR1c3N1bHRhbmFobWV0LmNvbVwvd3AtY29udGVudFwvdXBsb2Fkc1wvMjAyNVwvMDlcLzktc2NhbGVkLmpwZyIsInNsaWRlc2hvdyI6ImU1NmFmYmMifQ%3D%3D\">\n\t\t\t\t\t<div class=\"e-gallery-image elementor-gallery-item__image\" data-thumbnail=\"https:\/\/www.ritussultanahmet.com\/wp-content\/uploads\/2025\/09\/9-scaled.jpg\" data-width=\"2560\" data-height=\"1708\" aria-label=\"\" role=\"img\" ><\/div>\n\t\t\t\t\t\t\t\t\t\t\t<div class=\"elementor-gallery-item__overlay\"><\/div>\n\t\t\t\t\t\t\t\t\t\t\t\t\t\t<\/a>\n\t\t\t\t\t\t\t<a class=\"e-gallery-item elementor-gallery-item elementor-animated-content\" href=\"https:\/\/www.ritussultanahmet.com\/wp-content\/uploads\/2025\/09\/10-scaled.jpg\" data-elementor-open-lightbox=\"yes\" data-elementor-lightbox-slideshow=\"e56afbc\" data-elementor-lightbox-title=\"10\" data-e-action-hash=\"#elementor-action%3Aaction%3Dlightbox%26settings%3DeyJpZCI6MjI1NywidXJsIjoiaHR0cHM6XC9cL3d3dy5yaXR1c3N1bHRhbmFobWV0LmNvbVwvd3AtY29udGVudFwvdXBsb2Fkc1wvMjAyNVwvMDlcLzEwLXNjYWxlZC5qcGciLCJzbGlkZXNob3ciOiJlNTZhZmJjIn0%3D\">\n\t\t\t\t\t<div class=\"e-gallery-image elementor-gallery-item__image\" data-thumbnail=\"https:\/\/www.ritussultanahmet.com\/wp-content\/uploads\/2025\/09\/10-scaled.jpg\" data-width=\"2560\" data-height=\"1708\" aria-label=\"\" role=\"img\" ><\/div>\n\t\t\t\t\t\t\t\t\t\t\t<div class=\"elementor-gallery-item__overlay\"><\/div>\n\t\t\t\t\t\t\t\t\t\t\t\t\t\t<\/a>\n\t\t\t\t\t\t\t<a class=\"e-gallery-item elementor-gallery-item elementor-animated-content\" href=\"https:\/\/www.ritussultanahmet.com\/wp-content\/uploads\/2025\/09\/11-scaled.jpg\" data-elementor-open-lightbox=\"yes\" data-elementor-lightbox-slideshow=\"e56afbc\" data-elementor-lightbox-title=\"11\" data-e-action-hash=\"#elementor-action%3Aaction%3Dlightbox%26settings%3DeyJpZCI6MjI1OCwidXJsIjoiaHR0cHM6XC9cL3d3dy5yaXR1c3N1bHRhbmFobWV0LmNvbVwvd3AtY29udGVudFwvdXBsb2Fkc1wvMjAyNVwvMDlcLzExLXNjYWxlZC5qcGciLCJzbGlkZXNob3ciOiJlNTZhZmJjIn0%3D\">\n\t\t\t\t\t<div class=\"e-gallery-image elementor-gallery-item__image\" data-thumbnail=\"https:\/\/www.ritussultanahmet.com\/wp-content\/uploads\/2025\/09\/11-scaled.jpg\" data-width=\"2560\" data-height=\"1708\" aria-label=\"\" role=\"img\" ><\/div>\n\t\t\t\t\t\t\t\t\t\t\t<div class=\"elementor-gallery-item__overlay\"><\/div>\n\t\t\t\t\t\t\t\t\t\t\t\t\t\t<\/a>\n\t\t\t\t\t\t\t<a class=\"e-gallery-item elementor-gallery-item elementor-animated-content\" href=\"https:\/\/www.ritussultanahmet.com\/wp-content\/uploads\/2025\/09\/12-scaled.jpg\" data-elementor-open-lightbox=\"yes\" data-elementor-lightbox-slideshow=\"e56afbc\" data-elementor-lightbox-title=\"12\" data-e-action-hash=\"#elementor-action%3Aaction%3Dlightbox%26settings%3DeyJpZCI6MjI1OSwidXJsIjoiaHR0cHM6XC9cL3d3dy5yaXR1c3N1bHRhbmFobWV0LmNvbVwvd3AtY29udGVudFwvdXBsb2Fkc1wvMjAyNVwvMDlcLzEyLXNjYWxlZC5qcGciLCJzbGlkZXNob3ciOiJlNTZhZmJjIn0%3D\">\n\t\t\t\t\t<div class=\"e-gallery-image elementor-gallery-item__image\" data-thumbnail=\"https:\/\/www.ritussultanahmet.com\/wp-content\/uploads\/2025\/09\/12-scaled.jpg\" data-width=\"2560\" data-height=\"1708\" aria-label=\"\" role=\"img\" ><\/div>\n\t\t\t\t\t\t\t\t\t\t\t<div class=\"elementor-gallery-item__overlay\"><\/div>\n\t\t\t\t\t\t\t\t\t\t\t\t\t\t<\/a>\n\t\t\t\t\t\t\t<a class=\"e-gallery-item elementor-gallery-item elementor-animated-content\" href=\"https:\/\/www.ritussultanahmet.com\/wp-content\/uploads\/2025\/09\/13-scaled.jpg\" data-elementor-open-lightbox=\"yes\" data-elementor-lightbox-slideshow=\"e56afbc\" data-elementor-lightbox-title=\"13\" data-e-action-hash=\"#elementor-action%3Aaction%3Dlightbox%26settings%3DeyJpZCI6MjI2MCwidXJsIjoiaHR0cHM6XC9cL3d3dy5yaXR1c3N1bHRhbmFobWV0LmNvbVwvd3AtY29udGVudFwvdXBsb2Fkc1wvMjAyNVwvMDlcLzEzLXNjYWxlZC5qcGciLCJzbGlkZXNob3ciOiJlNTZhZmJjIn0%3D\">\n\t\t\t\t\t<div class=\"e-gallery-image elementor-gallery-item__image\" data-thumbnail=\"https:\/\/www.ritussultanahmet.com\/wp-content\/uploads\/2025\/09\/13-scaled.jpg\" data-width=\"2560\" data-height=\"1708\" aria-label=\"\" role=\"img\" ><\/div>\n\t\t\t\t\t\t\t\t\t\t\t<div class=\"elementor-gallery-item__overlay\"><\/div>\n\t\t\t\t\t\t\t\t\t\t\t\t\t\t<\/a>\n\t\t\t\t\t\t\t<a class=\"e-gallery-item elementor-gallery-item elementor-animated-content\" href=\"https:\/\/www.ritussultanahmet.com\/wp-content\/uploads\/2025\/09\/14-scaled.jpg\" data-elementor-open-lightbox=\"yes\" data-elementor-lightbox-slideshow=\"e56afbc\" data-elementor-lightbox-title=\"14\" data-e-action-hash=\"#elementor-action%3Aaction%3Dlightbox%26settings%3DeyJpZCI6MjI2MSwidXJsIjoiaHR0cHM6XC9cL3d3dy5yaXR1c3N1bHRhbmFobWV0LmNvbVwvd3AtY29udGVudFwvdXBsb2Fkc1wvMjAyNVwvMDlcLzE0LXNjYWxlZC5qcGciLCJzbGlkZXNob3ciOiJlNTZhZmJjIn0%3D\">\n\t\t\t\t\t<div class=\"e-gallery-image elementor-gallery-item__image\" data-thumbnail=\"https:\/\/www.ritussultanahmet.com\/wp-content\/uploads\/2025\/09\/14-scaled.jpg\" data-width=\"2560\" data-height=\"1708\" aria-label=\"\" role=\"img\" ><\/div>\n\t\t\t\t\t\t\t\t\t\t\t<div class=\"elementor-gallery-item__overlay\"><\/div>\n\t\t\t\t\t\t\t\t\t\t\t\t\t\t<\/a>\n\t\t\t\t\t\t\t<a class=\"e-gallery-item elementor-gallery-item elementor-animated-content\" href=\"https:\/\/www.ritussultanahmet.com\/wp-content\/uploads\/2025\/09\/15-scaled.jpg\" data-elementor-open-lightbox=\"yes\" data-elementor-lightbox-slideshow=\"e56afbc\" data-elementor-lightbox-title=\"15\" data-e-action-hash=\"#elementor-action%3Aaction%3Dlightbox%26settings%3DeyJpZCI6MjI2MiwidXJsIjoiaHR0cHM6XC9cL3d3dy5yaXR1c3N1bHRhbmFobWV0LmNvbVwvd3AtY29udGVudFwvdXBsb2Fkc1wvMjAyNVwvMDlcLzE1LXNjYWxlZC5qcGciLCJzbGlkZXNob3ciOiJlNTZhZmJjIn0%3D\">\n\t\t\t\t\t<div class=\"e-gallery-image elementor-gallery-item__image\" data-thumbnail=\"https:\/\/www.ritussultanahmet.com\/wp-content\/uploads\/2025\/09\/15-scaled.jpg\" data-width=\"2560\" data-height=\"1708\" aria-label=\"\" role=\"img\" ><\/div>\n\t\t\t\t\t\t\t\t\t\t\t<div class=\"elementor-gallery-item__overlay\"><\/div>\n\t\t\t\t\t\t\t\t\t\t\t\t\t\t<\/a>\n\t\t\t\t\t<\/div>\n\t\t\t\t\t<\/div>\n\t\t\t\t\t<\/div>\n\t\t\t\t<\/div>\n\t\t\t\t<\/div>","protected":false},"excerpt":{"rendered":"<p>About Ritus Hotel From the Ancient Hippodrome to Today: The Spirit of Ritus View our art works Our Restaurant Opened in June 2025, Ritus Hotel Istanbul Sultanahmet proudly stands as T\u00fcrkiye\u2019s first Tapestry Collection by Hilton, a one-of-a-kind sanctuary where [&hellip;]<\/p>","protected":false},"author":1,"featured_media":0,"parent":0,"menu_order":0,"comment_status":"closed","ping_status":"closed","template":"elementor_header_footer","meta":{"footnotes":""},"class_list":["post-504","page","type-page","status-publish","hentry"],"_links":{"self":[{"href":"https:\/\/www.ritussultanahmet.com\/tr\/wp-json\/wp\/v2\/pages\/504","targetHints":{"allow":["GET"]}}],"collection":[{"href":"https:\/\/www.ritussultanahmet.com\/tr\/wp-json\/wp\/v2\/pages"}],"about":[{"href":"https:\/\/www.ritussultanahmet.com\/tr\/wp-json\/wp\/v2\/types\/page"}],"author":[{"embeddable":true,"href":"https:\/\/www.ritussultanahmet.com\/tr\/wp-json\/wp\/v2\/users\/1"}],"replies":[{"embeddable":true,"href":"https:\/\/www.ritussultanahmet.com\/tr\/wp-json\/wp\/v2\/comments?post=504"}],"version-history":[{"count":35,"href":"https:\/\/www.ritussultanahmet.com\/tr\/wp-json\/wp\/v2\/pages\/504\/revisions"}],"predecessor-version":[{"id":2407,"href":"https:\/\/www.ritussultanahmet.com\/tr\/wp-json\/wp\/v2\/pages\/504\/revisions\/2407"}],"wp:attachment":[{"href":"https:\/\/www.ritussultanahmet.com\/tr\/wp-json\/wp\/v2\/media?parent=504"}],"curies":[{"name":"wp","href":"https:\/\/api.w.org\/{rel}","templated":true}]}}