{"id":2047,"date":"2025-09-25T13:32:37","date_gmt":"2025-09-25T13:32:37","guid":{"rendered":"https:\/\/www.ritussultanahmet.com\/?page_id=2047"},"modified":"2025-10-08T07:26:49","modified_gmt":"2025-10-08T07:26:49","slug":"ritus-kids-menu","status":"publish","type":"page","link":"https:\/\/www.ritussultanahmet.com\/tr\/ritus-kids-menu\/","title":{"rendered":"Ritus \u00c7ocuk Men\u00fcs\u00fc"},"content":{"rendered":"<div data-elementor-type=\"wp-page\" data-elementor-id=\"2047\" class=\"elementor elementor-2047\" data-elementor-post-type=\"page\">\n\t\t\t\t<div class=\"elementor-element elementor-element-ddd3a43 e-flex e-con-boxed e-con e-parent\" data-id=\"ddd3a43\" data-element_type=\"container\">\n\t\t\t\t\t<div class=\"e-con-inner\">\n\t\t\t\t<div class=\"elementor-element elementor-element-b812bf2 elementor-widget elementor-widget-heading\" data-id=\"b812bf2\" data-element_type=\"widget\" data-widget_type=\"heading.default\">\n\t\t\t\t\t<h2 class=\"elementor-heading-title elementor-size-default\">Ritus \u00c7ocuklar\u0131 <br>\nMen\u00fc<\/h2>\t\t\t\t<\/div>\n\t\t\t\t<div class=\"elementor-element elementor-element-8247106 elementor-widget elementor-widget-jet-listing-grid\" data-id=\"8247106\" data-element_type=\"widget\" id=\"ogun\" data-settings=\"{&quot;columns&quot;:&quot;2&quot;}\" data-widget_type=\"jet-listing-grid.default\">\n\t\t\t\t\t<div class=\"jet-listing-grid jet-listing\"><div class=\"jet-listing-grid__items grid-col-desk-2 grid-col-tablet-2 grid-col-mobile-2 jet-listing-grid--2042\" data-queried-id=\"2047|WP_Post\" data-cct-slug=\"kids_food\" data-nav=\"{&quot;enabled&quot;:false,&quot;type&quot;:null,&quot;more_el&quot;:null,&quot;query&quot;:[],&quot;widget_settings&quot;:{&quot;lisitng_id&quot;:2042,&quot;posts_num&quot;:99,&quot;columns&quot;:2,&quot;columns_tablet&quot;:2,&quot;columns_mobile&quot;:2,&quot;column_min_width&quot;:240,&quot;column_min_width_tablet&quot;:240,&quot;column_min_width_mobile&quot;:240,&quot;inline_columns_css&quot;:false,&quot;is_archive_template&quot;:&quot;&quot;,&quot;post_status&quot;:[&quot;publish&quot;],&quot;use_random_posts_num&quot;:&quot;&quot;,&quot;max_posts_num&quot;:9,&quot;not_found_message&quot;:&quot;No data was found&quot;,&quot;is_masonry&quot;:false,&quot;equal_columns_height&quot;:&quot;&quot;,&quot;use_load_more&quot;:&quot;&quot;,&quot;load_more_id&quot;:&quot;&quot;,&quot;load_more_type&quot;:&quot;click&quot;,&quot;load_more_offset&quot;:{&quot;unit&quot;:&quot;px&quot;,&quot;size&quot;:0,&quot;sizes&quot;:[]},&quot;use_custom_post_types&quot;:&quot;&quot;,&quot;custom_post_types&quot;:[],&quot;hide_widget_if&quot;:&quot;&quot;,&quot;carousel_enabled&quot;:&quot;&quot;,&quot;slides_to_scroll&quot;:&quot;1&quot;,&quot;arrows&quot;:&quot;true&quot;,&quot;arrow_icon&quot;:&quot;fa fa-angle-left&quot;,&quot;dots&quot;:&quot;&quot;,&quot;autoplay&quot;:&quot;true&quot;,&quot;pause_on_hover&quot;:&quot;true&quot;,&quot;autoplay_speed&quot;:5000,&quot;infinite&quot;:&quot;true&quot;,&quot;center_mode&quot;:&quot;&quot;,&quot;effect&quot;:&quot;slide&quot;,&quot;speed&quot;:500,&quot;inject_alternative_items&quot;:&quot;&quot;,&quot;injection_items&quot;:[],&quot;scroll_slider_enabled&quot;:&quot;&quot;,&quot;scroll_slider_on&quot;:[&quot;desktop&quot;,&quot;tablet&quot;,&quot;mobile&quot;],&quot;custom_query&quot;:false,&quot;custom_query_id&quot;:&quot;&quot;,&quot;_element_id&quot;:&quot;ogun&quot;,&quot;collapse_first_last_gap&quot;:false,&quot;list_tag_selection&quot;:&quot;&quot;,&quot;list_items_wrapper_tag&quot;:&quot;div&quot;,&quot;list_item_tag&quot;:&quot;div&quot;,&quot;empty_items_wrapper_tag&quot;:&quot;div&quot;}}\" data-page=\"1\" data-pages=\"1\" data-listing-source=\"custom_content_type\" data-listing-id=\"2042\" data-query-id=\"\"><div class=\"jet-listing-grid__item jet-listing-dynamic-post-4\" data-post-id=\"4\"  >\t\t<div data-elementor-type=\"jet-listing-items\" data-elementor-id=\"2042\" class=\"elementor elementor-2042\" data-elementor-post-type=\"jet-engine\">\n\t\t\t\t<div class=\"elementor-element elementor-element-16cf0ff e-flex e-con-boxed e-con e-parent\" data-id=\"16cf0ff\" data-element_type=\"container\">\n\t\t\t\t\t<div class=\"e-con-inner\">\n\t\t\t\t<div class=\"elementor-element elementor-element-d14e31a elementor-widget elementor-widget-image\" data-id=\"d14e31a\" data-element_type=\"widget\" data-widget_type=\"image.default\">\n\t\t\t\t\t\t\t\t\t\t\t\t\t\t\t<img fetchpriority=\"high\" decoding=\"async\" width=\"1024\" height=\"683\" src=\"https:\/\/www.ritussultanahmet.com\/wp-content\/uploads\/2025\/09\/Citir-Tavuk-1024x683.jpg\" class=\"attachment-large size-large wp-image-2029\" alt=\"Chicken Fingers\" srcset=\"https:\/\/www.ritussultanahmet.com\/wp-content\/uploads\/2025\/09\/Citir-Tavuk-1024x683.jpg 1024w, https:\/\/www.ritussultanahmet.com\/wp-content\/uploads\/2025\/09\/Citir-Tavuk-300x200.jpg 300w, https:\/\/www.ritussultanahmet.com\/wp-content\/uploads\/2025\/09\/Citir-Tavuk-768x512.jpg 768w, https:\/\/www.ritussultanahmet.com\/wp-content\/uploads\/2025\/09\/Citir-Tavuk-1536x1024.jpg 1536w, https:\/\/www.ritussultanahmet.com\/wp-content\/uploads\/2025\/09\/Citir-Tavuk-2048x1365.jpg 2048w, https:\/\/www.ritussultanahmet.com\/wp-content\/uploads\/2025\/09\/Citir-Tavuk-700x466.jpg 700w, https:\/\/www.ritussultanahmet.com\/wp-content\/uploads\/2025\/09\/Citir-Tavuk-440x293.jpg 440w, https:\/\/www.ritussultanahmet.com\/wp-content\/uploads\/2025\/09\/Citir-Tavuk-600x400.jpg 600w\" sizes=\"(max-width: 1024px) 100vw, 1024px\" \/>\t\t\t\t\t\t\t\t\t\t\t\t\t\t\t<\/div>\n\t\t\t\t\t<\/div>\n\t\t\t\t<\/div>\n\t\t<div class=\"elementor-element elementor-element-4d3a930 e-flex e-con-boxed e-con e-parent\" data-id=\"4d3a930\" data-element_type=\"container\">\n\t\t\t\t\t<div class=\"e-con-inner\">\n\t\t<div class=\"elementor-element elementor-element-aed94df e-con-full e-flex e-con e-child\" data-id=\"aed94df\" data-element_type=\"container\" data-settings=\"{&quot;background_background&quot;:&quot;classic&quot;}\">\n\t\t\t\t<div class=\"elementor-element elementor-element-9126c72 elementor-widget elementor-widget-heading\" data-id=\"9126c72\" data-element_type=\"widget\" data-widget_type=\"heading.default\">\n\t\t\t\t\t<h2 class=\"elementor-heading-title elementor-size-default\">Tavuk Parmaklar\u0131<\/h2>\t\t\t\t<\/div>\n\t\t\t\t<\/div>\n\t\t\t\t\t<\/div>\n\t\t\t\t<\/div>\n\t\t<div class=\"elementor-element elementor-element-f5fe8d5 e-flex e-con-boxed e-con e-parent\" data-id=\"f5fe8d5\" data-element_type=\"container\">\n\t\t\t\t\t<div class=\"e-con-inner\">\n\t\t\t\t<div class=\"elementor-element elementor-element-644976f elementor-widget elementor-widget-jet-listing-dynamic-field\" data-id=\"644976f\" data-element_type=\"widget\" data-widget_type=\"jet-listing-dynamic-field.default\">\n\t\t\t\t\t<div class=\"jet-listing jet-listing-dynamic-field display-inline\"><div class=\"jet-listing-dynamic-field__inline-wrap\"><div class=\"jet-listing-dynamic-field__content\">\u00c7\u0131t\u0131r tavuk parmaklar\u0131, ket\u00e7ap ve mayonezli patates k\u0131zartmas\u0131<\/div><\/div><\/div>\t\t\t\t<\/div>\n\t\t\t\t<div class=\"elementor-element elementor-element-4f9a488 elementor-widget elementor-widget-heading\" data-id=\"4f9a488\" data-element_type=\"widget\" data-widget_type=\"heading.default\">\n\t\t\t\t\t<h2 class=\"elementor-heading-title elementor-size-default\">500\u20ba<\/h2>\t\t\t\t<\/div>\n\t\t\t\t<div class=\"elementor-element elementor-element-32bcc87 elementor-widget-divider--view-line elementor-widget elementor-widget-divider\" data-id=\"32bcc87\" data-element_type=\"widget\" data-widget_type=\"divider.default\">\n\t\t\t\t\t\t\t<div class=\"elementor-divider\">\n\t\t\t<span class=\"elementor-divider-separator\">\n\t\t\t\t\t\t<\/span>\n\t\t<\/div>\n\t\t\t\t\t\t<\/div>\n\t\t\t\t\t<\/div>\n\t\t\t\t<\/div>\n\t\t\t\t<\/div>\n\t\t<\/div><div class=\"jet-listing-grid__item jet-listing-dynamic-post-3\" data-post-id=\"3\"  >\t\t<div data-elementor-type=\"jet-listing-items\" data-elementor-id=\"2042\" class=\"elementor elementor-2042\" data-elementor-post-type=\"jet-engine\">\n\t\t\t\t<div class=\"elementor-element elementor-element-16cf0ff e-flex e-con-boxed e-con e-parent\" data-id=\"16cf0ff\" data-element_type=\"container\">\n\t\t\t\t\t<div class=\"e-con-inner\">\n\t\t\t\t<div class=\"elementor-element elementor-element-d14e31a elementor-widget elementor-widget-image\" data-id=\"d14e31a\" data-element_type=\"widget\" data-widget_type=\"image.default\">\n\t\t\t\t\t\t\t\t\t\t\t\t\t\t\t<img decoding=\"async\" width=\"1024\" height=\"683\" src=\"https:\/\/www.ritussultanahmet.com\/wp-content\/uploads\/2025\/09\/Mini-Burger-1024x683.jpg\" class=\"attachment-large size-large wp-image-2028\" alt=\"Mini Burger\" srcset=\"https:\/\/www.ritussultanahmet.com\/wp-content\/uploads\/2025\/09\/Mini-Burger-1024x683.jpg 1024w, https:\/\/www.ritussultanahmet.com\/wp-content\/uploads\/2025\/09\/Mini-Burger-300x200.jpg 300w, https:\/\/www.ritussultanahmet.com\/wp-content\/uploads\/2025\/09\/Mini-Burger-768x513.jpg 768w, https:\/\/www.ritussultanahmet.com\/wp-content\/uploads\/2025\/09\/Mini-Burger-1536x1025.jpg 1536w, https:\/\/www.ritussultanahmet.com\/wp-content\/uploads\/2025\/09\/Mini-Burger-2048x1367.jpg 2048w, https:\/\/www.ritussultanahmet.com\/wp-content\/uploads\/2025\/09\/Mini-Burger-700x466.jpg 700w, https:\/\/www.ritussultanahmet.com\/wp-content\/uploads\/2025\/09\/Mini-Burger-440x294.jpg 440w, https:\/\/www.ritussultanahmet.com\/wp-content\/uploads\/2025\/09\/Mini-Burger-600x400.jpg 600w\" sizes=\"(max-width: 1024px) 100vw, 1024px\" \/>\t\t\t\t\t\t\t\t\t\t\t\t\t\t\t<\/div>\n\t\t\t\t\t<\/div>\n\t\t\t\t<\/div>\n\t\t<div class=\"elementor-element elementor-element-4d3a930 e-flex e-con-boxed e-con e-parent\" data-id=\"4d3a930\" data-element_type=\"container\">\n\t\t\t\t\t<div class=\"e-con-inner\">\n\t\t<div class=\"elementor-element elementor-element-aed94df e-con-full e-flex e-con e-child\" data-id=\"aed94df\" data-element_type=\"container\" data-settings=\"{&quot;background_background&quot;:&quot;classic&quot;}\">\n\t\t\t\t<div class=\"elementor-element elementor-element-9126c72 elementor-widget elementor-widget-heading\" data-id=\"9126c72\" data-element_type=\"widget\" data-widget_type=\"heading.default\">\n\t\t\t\t\t<h2 class=\"elementor-heading-title elementor-size-default\">Mini Burger<\/h2>\t\t\t\t<\/div>\n\t\t\t\t<\/div>\n\t\t\t\t\t<\/div>\n\t\t\t\t<\/div>\n\t\t<div class=\"elementor-element elementor-element-f5fe8d5 e-flex e-con-boxed e-con e-parent\" data-id=\"f5fe8d5\" data-element_type=\"container\">\n\t\t\t\t\t<div class=\"e-con-inner\">\n\t\t\t\t<div class=\"elementor-element elementor-element-644976f elementor-widget elementor-widget-jet-listing-dynamic-field\" data-id=\"644976f\" data-element_type=\"widget\" data-widget_type=\"jet-listing-dynamic-field.default\">\n\t\t\t\t\t<div class=\"jet-listing jet-listing-dynamic-field display-inline\"><div class=\"jet-listing-dynamic-field__inline-wrap\"><div class=\"jet-listing-dynamic-field__content\">El yap\u0131m\u0131 hamburger, marul, domates, patates k\u0131zartmas\u0131<\/div><\/div><\/div>\t\t\t\t<\/div>\n\t\t\t\t<div class=\"elementor-element elementor-element-4f9a488 elementor-widget elementor-widget-heading\" data-id=\"4f9a488\" data-element_type=\"widget\" data-widget_type=\"heading.default\">\n\t\t\t\t\t<h2 class=\"elementor-heading-title elementor-size-default\">650\u20ba<\/h2>\t\t\t\t<\/div>\n\t\t\t\t<div class=\"elementor-element elementor-element-32bcc87 elementor-widget-divider--view-line elementor-widget elementor-widget-divider\" data-id=\"32bcc87\" data-element_type=\"widget\" data-widget_type=\"divider.default\">\n\t\t\t\t\t\t\t<div class=\"elementor-divider\">\n\t\t\t<span class=\"elementor-divider-separator\">\n\t\t\t\t\t\t<\/span>\n\t\t<\/div>\n\t\t\t\t\t\t<\/div>\n\t\t\t\t\t<\/div>\n\t\t\t\t<\/div>\n\t\t\t\t<\/div>\n\t\t<\/div><div class=\"jet-listing-grid__item jet-listing-dynamic-post-2\" data-post-id=\"2\"  >\t\t<div data-elementor-type=\"jet-listing-items\" data-elementor-id=\"2042\" class=\"elementor elementor-2042\" data-elementor-post-type=\"jet-engine\">\n\t\t\t\t<div class=\"elementor-element elementor-element-16cf0ff e-flex e-con-boxed e-con e-parent\" data-id=\"16cf0ff\" data-element_type=\"container\">\n\t\t\t\t\t<div class=\"e-con-inner\">\n\t\t\t\t<div class=\"elementor-element elementor-element-d14e31a elementor-widget elementor-widget-image\" data-id=\"d14e31a\" data-element_type=\"widget\" data-widget_type=\"image.default\">\n\t\t\t\t\t\t\t\t\t\t\t\t\t\t\t<img decoding=\"async\" width=\"1024\" height=\"676\" src=\"https:\/\/www.ritussultanahmet.com\/wp-content\/uploads\/2025\/09\/Waffle-1024x676.jpg\" class=\"attachment-large size-large wp-image-2027\" alt=\"Waffle\" srcset=\"https:\/\/www.ritussultanahmet.com\/wp-content\/uploads\/2025\/09\/Waffle-1024x676.jpg 1024w, https:\/\/www.ritussultanahmet.com\/wp-content\/uploads\/2025\/09\/Waffle-300x198.jpg 300w, https:\/\/www.ritussultanahmet.com\/wp-content\/uploads\/2025\/09\/Waffle-768x507.jpg 768w, https:\/\/www.ritussultanahmet.com\/wp-content\/uploads\/2025\/09\/Waffle-1536x1014.jpg 1536w, https:\/\/www.ritussultanahmet.com\/wp-content\/uploads\/2025\/09\/Waffle-2048x1352.jpg 2048w, https:\/\/www.ritussultanahmet.com\/wp-content\/uploads\/2025\/09\/Waffle-440x290.jpg 440w, https:\/\/www.ritussultanahmet.com\/wp-content\/uploads\/2025\/09\/Waffle-600x396.jpg 600w\" sizes=\"(max-width: 1024px) 100vw, 1024px\" \/>\t\t\t\t\t\t\t\t\t\t\t\t\t\t\t<\/div>\n\t\t\t\t\t<\/div>\n\t\t\t\t<\/div>\n\t\t<div class=\"elementor-element elementor-element-4d3a930 e-flex e-con-boxed e-con e-parent\" data-id=\"4d3a930\" data-element_type=\"container\">\n\t\t\t\t\t<div class=\"e-con-inner\">\n\t\t<div class=\"elementor-element elementor-element-aed94df e-con-full e-flex e-con e-child\" data-id=\"aed94df\" data-element_type=\"container\" data-settings=\"{&quot;background_background&quot;:&quot;classic&quot;}\">\n\t\t\t\t<div class=\"elementor-element elementor-element-9126c72 elementor-widget elementor-widget-heading\" data-id=\"9126c72\" data-element_type=\"widget\" data-widget_type=\"heading.default\">\n\t\t\t\t\t<h2 class=\"elementor-heading-title elementor-size-default\">Krep ve Waffle<\/h2>\t\t\t\t<\/div>\n\t\t\t\t<\/div>\n\t\t\t\t\t<\/div>\n\t\t\t\t<\/div>\n\t\t<div class=\"elementor-element elementor-element-f5fe8d5 e-flex e-con-boxed e-con e-parent\" data-id=\"f5fe8d5\" data-element_type=\"container\">\n\t\t\t\t\t<div class=\"e-con-inner\">\n\t\t\t\t<div class=\"elementor-element elementor-element-644976f elementor-widget elementor-widget-jet-listing-dynamic-field\" data-id=\"644976f\" data-element_type=\"widget\" data-widget_type=\"jet-listing-dynamic-field.default\">\n\t\t\t\t\t<div class=\"jet-listing jet-listing-dynamic-field display-inline\"><div class=\"jet-listing-dynamic-field__inline-wrap\"><div class=\"jet-listing-dynamic-field__content\">Muz, \u00e7ilek ve \u00e7ikolata sosu<\/div><\/div><\/div>\t\t\t\t<\/div>\n\t\t\t\t<div class=\"elementor-element elementor-element-4f9a488 elementor-widget elementor-widget-heading\" data-id=\"4f9a488\" data-element_type=\"widget\" data-widget_type=\"heading.default\">\n\t\t\t\t\t<h2 class=\"elementor-heading-title elementor-size-default\">450\u20ba<\/h2>\t\t\t\t<\/div>\n\t\t\t\t<div class=\"elementor-element elementor-element-32bcc87 elementor-widget-divider--view-line elementor-widget elementor-widget-divider\" data-id=\"32bcc87\" data-element_type=\"widget\" data-widget_type=\"divider.default\">\n\t\t\t\t\t\t\t<div class=\"elementor-divider\">\n\t\t\t<span class=\"elementor-divider-separator\">\n\t\t\t\t\t\t<\/span>\n\t\t<\/div>\n\t\t\t\t\t\t<\/div>\n\t\t\t\t\t<\/div>\n\t\t\t\t<\/div>\n\t\t\t\t<\/div>\n\t\t<\/div><div class=\"jet-listing-grid__item jet-listing-dynamic-post-1\" data-post-id=\"1\"  >\t\t<div data-elementor-type=\"jet-listing-items\" data-elementor-id=\"2042\" class=\"elementor elementor-2042\" data-elementor-post-type=\"jet-engine\">\n\t\t\t\t<div class=\"elementor-element elementor-element-16cf0ff e-flex e-con-boxed e-con e-parent\" data-id=\"16cf0ff\" data-element_type=\"container\">\n\t\t\t\t\t<div class=\"e-con-inner\">\n\t\t\t\t<div class=\"elementor-element elementor-element-d14e31a elementor-widget elementor-widget-image\" data-id=\"d14e31a\" data-element_type=\"widget\" data-widget_type=\"image.default\">\n\t\t\t\t\t\t\t\t\t\t\t\t\t\t\t<img loading=\"lazy\" decoding=\"async\" width=\"1024\" height=\"683\" src=\"https:\/\/www.ritussultanahmet.com\/wp-content\/uploads\/2025\/09\/Subye-Firin-Sutlac-scaled.jpg\" class=\"attachment-large size-large wp-image-2023\" alt=\"Subye Oven Rice Pudding\" srcset=\"https:\/\/www.ritussultanahmet.com\/wp-content\/uploads\/2025\/09\/Subye-Firin-Sutlac-scaled.jpg 2560w, https:\/\/www.ritussultanahmet.com\/wp-content\/uploads\/2025\/09\/Subye-Firin-Sutlac-300x200.jpg 300w\" sizes=\"(max-width: 1024px) 100vw, 1024px\" \/>\t\t\t\t\t\t\t\t\t\t\t\t\t\t\t<\/div>\n\t\t\t\t\t<\/div>\n\t\t\t\t<\/div>\n\t\t<div class=\"elementor-element elementor-element-4d3a930 e-flex e-con-boxed e-con e-parent\" data-id=\"4d3a930\" data-element_type=\"container\">\n\t\t\t\t\t<div class=\"e-con-inner\">\n\t\t<div class=\"elementor-element elementor-element-aed94df e-con-full e-flex e-con e-child\" data-id=\"aed94df\" data-element_type=\"container\" data-settings=\"{&quot;background_background&quot;:&quot;classic&quot;}\">\n\t\t\t\t<div class=\"elementor-element elementor-element-9126c72 elementor-widget elementor-widget-heading\" data-id=\"9126c72\" data-element_type=\"widget\" data-widget_type=\"heading.default\">\n\t\t\t\t\t<h2 class=\"elementor-heading-title elementor-size-default\">F\u0131r\u0131nda Pirin\u00e7 Pudingi<\/h2>\t\t\t\t<\/div>\n\t\t\t\t<\/div>\n\t\t\t\t\t<\/div>\n\t\t\t\t<\/div>\n\t\t<div class=\"elementor-element elementor-element-f5fe8d5 e-flex e-con-boxed e-con e-parent\" data-id=\"f5fe8d5\" data-element_type=\"container\">\n\t\t\t\t\t<div class=\"e-con-inner\">\n\t\t\t\t<div class=\"elementor-element elementor-element-644976f elementor-widget elementor-widget-jet-listing-dynamic-field\" data-id=\"644976f\" data-element_type=\"widget\" data-widget_type=\"jet-listing-dynamic-field.default\">\n\t\t\t\t\t<div class=\"jet-listing jet-listing-dynamic-field display-inline\"><div class=\"jet-listing-dynamic-field__inline-wrap\"><div class=\"jet-listing-dynamic-field__content\">Dondurmal\u0131 k\u0131r\u0131k f\u0131nd\u0131k<\/div><\/div><\/div>\t\t\t\t<\/div>\n\t\t\t\t<div class=\"elementor-element elementor-element-4f9a488 elementor-widget elementor-widget-heading\" data-id=\"4f9a488\" data-element_type=\"widget\" data-widget_type=\"heading.default\">\n\t\t\t\t\t<h2 class=\"elementor-heading-title elementor-size-default\">480\u20ba<\/h2>\t\t\t\t<\/div>\n\t\t\t\t<div class=\"elementor-element elementor-element-32bcc87 elementor-widget-divider--view-line elementor-widget elementor-widget-divider\" data-id=\"32bcc87\" data-element_type=\"widget\" data-widget_type=\"divider.default\">\n\t\t\t\t\t\t\t<div class=\"elementor-divider\">\n\t\t\t<span class=\"elementor-divider-separator\">\n\t\t\t\t\t\t<\/span>\n\t\t<\/div>\n\t\t\t\t\t\t<\/div>\n\t\t\t\t\t<\/div>\n\t\t\t\t<\/div>\n\t\t\t\t<\/div>\n\t\t<\/div><\/div><\/div>\t\t\t\t<\/div>\n\t\t\t\t\t<\/div>\n\t\t\t\t<\/div>\n\t\t<div class=\"elementor-element elementor-element-0ff92fb e-flex e-con-boxed e-con e-parent\" data-id=\"0ff92fb\" data-element_type=\"container\">\n\t\t\t\t\t<div class=\"e-con-inner\">\n\t\t\t\t<div class=\"elementor-element elementor-element-083276c elementor-widget elementor-widget-text-editor\" data-id=\"083276c\" data-element_type=\"widget\" data-widget_type=\"text-editor.default\">\n\t\t\t\t\t\t\t\t\tT\u00fcm fiyatlar T\u00fcrk Liras\u0131 cinsindendir ve KDV dahildir. Hesaba 10% hizmet bedeli eklenecektir. \u00c7i\u011f veya az pi\u015fmi\u015f et, k\u00fcmes hayvanlar\u0131, deniz \u00fcr\u00fcnleri, kabuklu deniz \u00fcr\u00fcnleri, kuruyemi\u015f ve yumurta t\u00fcketmek g\u0131da kaynakl\u0131 hastal\u0131k riskinizi art\u0131rabilir. Herhangi bir alerjiniz varsa, l\u00fctfen servis personelimize \u00f6nceden bildirin.\t\t\t\t\t\t\t\t<\/div>\n\t\t\t\t\t<\/div>\n\t\t\t\t<\/div>\n\t\t\t\t<\/div>","protected":false},"excerpt":{"rendered":"<p>Ritus Kids Menu Crispy chicken fingers, french fries with ketchup and mayonnaise Handmade hamburger, lettuce, tomatoes, french fries Banana, strawberry and chocolate sauce Cracked hazelnut with ice cream All prices are in Turkish Lira and VAT included. Service fee of [&hellip;]<\/p>","protected":false},"author":1,"featured_media":0,"parent":0,"menu_order":0,"comment_status":"closed","ping_status":"closed","template":"elementor_header_footer","meta":{"footnotes":""},"class_list":["post-2047","page","type-page","status-publish","hentry"],"_links":{"self":[{"href":"https:\/\/www.ritussultanahmet.com\/tr\/wp-json\/wp\/v2\/pages\/2047","targetHints":{"allow":["GET"]}}],"collection":[{"href":"https:\/\/www.ritussultanahmet.com\/tr\/wp-json\/wp\/v2\/pages"}],"about":[{"href":"https:\/\/www.ritussultanahmet.com\/tr\/wp-json\/wp\/v2\/types\/page"}],"author":[{"embeddable":true,"href":"https:\/\/www.ritussultanahmet.com\/tr\/wp-json\/wp\/v2\/users\/1"}],"replies":[{"embeddable":true,"href":"https:\/\/www.ritussultanahmet.com\/tr\/wp-json\/wp\/v2\/comments?post=2047"}],"version-history":[{"count":10,"href":"https:\/\/www.ritussultanahmet.com\/tr\/wp-json\/wp\/v2\/pages\/2047\/revisions"}],"predecessor-version":[{"id":2597,"href":"https:\/\/www.ritussultanahmet.com\/tr\/wp-json\/wp\/v2\/pages\/2047\/revisions\/2597"}],"wp:attachment":[{"href":"https:\/\/www.ritussultanahmet.com\/tr\/wp-json\/wp\/v2\/media?parent=2047"}],"curies":[{"name":"wp","href":"https:\/\/api.w.org\/{rel}","templated":true}]}}